{"id":183,"date":"2019-05-09T22:21:29","date_gmt":"2019-05-09T22:21:29","guid":{"rendered":"http:\/\/sw-themes.com\/porto_dummy\/?page_id=183"},"modified":"2024-07-04T11:52:56","modified_gmt":"2024-07-04T09:52:56","slug":"kontakt","status":"publish","type":"page","link":"https:\/\/www.horneoresany.sk\/tjiskra\/kontakt\/","title":{"rendered":"Kontakt"},"content":{"rendered":"<p>[vc_row wrap_container=&#8221;yes&#8221; is_section=&#8221;yes&#8221; section_skin=&#8221;parallax&#8221; remove_margin_top=&#8221;yes&#8221; remove_border=&#8221;yes&#8221; css=&#8221;.vc_custom_1557441271931{border-bottom-width: 1px !important;border-bottom-color: rgba(0,0,0,0.03) !important;border-bottom-style: solid !important;}&#8221;][vc_column]<div class=\"porto-carousel owl-carousel has-ccols ccols-xl-5 ccols-lg-4 ccols-md-3 ccols-sm-2 ccols-2 mb-0 stage-margin\" data-plugin-options=\"{&quot;stagePadding&quot;:40,&quot;margin&quot;:10,&quot;autoplay&quot;:&quot;yes&quot;,&quot;autoplayTimeout&quot;:2500,&quot;autoplayHoverPause&quot;:false,&quot;items&quot;:5,&quot;lg&quot;:4,&quot;md&quot;:3,&quot;sm&quot;:2,&quot;xs&quot;:2,&quot;nav&quot;:&quot;yes&quot;,&quot;dots&quot;:false,&quot;animateIn&quot;:&quot;&quot;,&quot;animateOut&quot;:&quot;&quot;,&quot;loop&quot;:&quot;yes&quot;,&quot;center&quot;:false,&quot;video&quot;:false,&quot;lazyLoad&quot;:false,&quot;fullscreen&quot;:false}\">[vc_single_image image=&#8221;598&#8243; img_size=&#8221;110&#215;110&#8243; alignment=&#8221;center&#8221;][vc_single_image image=&#8221;597&#8243; img_size=&#8221;full&#8221; alignment=&#8221;center&#8221;][vc_single_image image=&#8221;614&#8243; img_size=&#8221;full&#8221; alignment=&#8221;center&#8221;][vc_single_image image=&#8221;615&#8243; img_size=&#8221;full&#8221; alignment=&#8221;center&#8221;][vc_single_image image=&#8221;655&#8243; img_size=&#8221;full&#8221; alignment=&#8221;center&#8221;][vc_single_image image=&#8221;237&#8243; alignment=&#8221;center&#8221;][vc_single_image image=&#8221;252&#8243; alignment=&#8221;center&#8221;]<\/div>[\/vc_column][\/vc_row][vc_row wrap_container=&#8221;yes&#8221; css=&#8221;.vc_custom_1623306210707{padding-top: 30px !important;padding-bottom: 30px !important;}&#8221;][vc_column offset=&#8221;vc_col-md-5&#8243;][vc_column_text]<strong>TJ Iskra Horn\u00e9 Ore\u0161any o.z.<\/strong><\/p>\n<ul class=\"list list-unstyled\">\n<li><strong>Adresa: <\/strong>\u0160portov\u00e1 ulica 593\/3, Horn\u00e9 Ore\u0161any 919 03<\/li>\n<li><strong>Telef\u00f3n:<\/strong> <a href=\"phone:+421903434530\">0903\/434530<\/a><\/li>\n<li><strong>E-mail:<\/strong> tjiskrahorneoresany@gmail.com<\/li>\n<\/ul>\n<p><strong>I\u010cO:<\/strong> 00892211<br \/>\n<strong>Banka:<\/strong> SK05 0900 0000 0051 2663 6250<\/p>\n<p><b>V\u00fdbor klubu <\/b>(zoraden\u00e9 abecedne)<b>:<br \/>\n<\/b>Dvorn\u00e1k Martin<br \/>\nKimli\u010dka Radovan<br \/>\nLo\u0161onsk\u00fd Vladim\u00edr<br \/>\nMarton Denis<br \/>\nMonsberger Vladim\u00edr<br \/>\nRemen\u00e1r Milan<br \/>\nStra\u0161ka Michal<br \/>\nSzrsen \u0160tefan[\/vc_column_text][\/vc_column][vc_column offset=&#8221;vc_col-md-offset-1 vc_col-md-6&#8243;][vc_custom_heading text=&#8221;Kontaktn\u00fd formul\u00e1r&#8221; font_container=&#8221;tag:p|text_align:left&#8221; use_theme_fonts=&#8221;yes&#8221; el_class=&#8221;lead&#8221;][vc_column_text]<div data-uniq='69d4d9a11f5f4' class='uniq-69d4d9a11f5f4 formcraft-css form-live align-left'><script> window.formcraftLogic = window.formcraftLogic || {}; window.formcraftLogic[1] = []; <\/script><div class=\"fc-pagination-cover fc-pagination-1\">\n\t\t\t\t<div class=\"fc-pagination width-100\">\n\t\t\t\t\t<!-- ngRepeat: page in Builder.FormElements track by $index --><div class=\"pagination-trigger \" data-index=\"0\">\n\t\t\t\t\t\t<span class=\"page-number\"><span >1<\/span><\/span>\n\t\t\t\t\t\t<span class=\"page-name \">Step 1<\/span>\n\t\t\t\t\t\t\n\t\t\t\t\t<\/div><!-- end ngRepeat: page in Builder.FormElements track by $index -->\n\t\t\t\t<\/div>\n\t\t\t<\/div>\n\t\t\t\n\t\t\t<style scoped=\"scoped\" >\n\t\t\t@media (max-width : 480px) {\n\t\t\t\t.fc_modal-dialog-1 .fc-pagination-cover .fc-pagination\n\t\t\t\t{\n\t\t\t\t\tbackground-color: white !important;\n\t\t\t\t}\n\t\t\t}\n\t\t\t\t\t\t.formcraft-css .fc-form.fc-form-1 .form-element .submit-cover .submit-button,\n\t\t\t.formcraft-css .fc-form.fc-form-1 .form-element .fileupload-cover .button-file,\n\t\t\t.formcraft-css .fc-form.fc-form-1 .form-element .field-cover .button,\n\t\t\t.formcraft-datepicker .ui-datepicker-header,\n\t\t\t.formcraft-datepicker .ui-datepicker-title\n\t\t\t{\n\t\t\t\tbackground: #4488ee;\n\t\t\t\tcolor: #fff;\n\t\t\t}\n\t\t\t.formcraft-datepicker td .ui-state-active,\n\t\t\t.formcraft-datepicker td .ui-state-hover,\n\t\t\t.formcraft-css .fc-form.fc-form-1 .form-element .slider-cover .ui-slider-range\n\t\t\t{\n\t\t\t\tbackground: #4488ee;\n\t\t\t}\n\t\t\t#ui-datepicker-div.formcraft-datepicker .ui-datepicker-header,\n\t\t\t.formcraft-css .fc-form .field-cover>div.full hr\n\t\t\t{\n\t\t\t\tborder-color: #3b77d1;\n\t\t\t}\n\t\t\t#ui-datepicker-div.formcraft-datepicker .ui-datepicker-prev:hover,\n\t\t\t#ui-datepicker-div.formcraft-datepicker .ui-datepicker-next:hover,\n\t\t\t#ui-datepicker-div.formcraft-datepicker select.ui-datepicker-month:hover,\n\t\t\t#ui-datepicker-div.formcraft-datepicker select.ui-datepicker-year:hover\n\t\t\t{\n\t\t\t\tbackground-color: #3b77d1;\n\t\t\t}\n\t\t\t.formcraft-css .fc-pagination>div.active .page-number,\n\t\t\t.formcraft-css .form-cover-builder .fc-pagination>div:first-child .page-number\n\t\t\t{\n\t\t\t\tbackground-color: #4488ee;\n\t\t\t\tcolor: #fff;\n\t\t\t}\n\t\t\t#ui-datepicker-div.formcraft-datepicker table.ui-datepicker-calendar th,\n\t\t\t#ui-datepicker-div.formcraft-datepicker table.ui-datepicker-calendar td.ui-datepicker-today a,\n\t\t\t.formcraft-css .fc-form.fc-form-1 .form-element .star-cover label,\n\t\t\thtml .formcraft-css .fc-form.label-floating .form-element .field-cover.has-focus>span,\n\t\t\t.formcraft-css .fc-form.fc-form-1 .form-element .customText-cover a,\n\t\t\t.formcraft-css .prev-next>div span:hover\n\t\t\t{\n\t\t\t\tcolor: #4488ee;\n\t\t\t}\n\t\t\t.formcraft-css .fc-form.fc-form-1 .form-element .customText-cover a:hover\n\t\t\t{\n\t\t\t\tcolor: #3b77d1;\n\t\t\t}\n\t\t\thtml .formcraft-css .fc-form.fc-form-1.label-floating .form-element .field-cover > span\n\t\t\t{\n\t\t\t\tcolor: #666666;\n\t\t\t}\n\t\t\thtml .formcraft-css .fc-form .final-success .final-success-check {\n\t\t\t\tborder: 2px solid #666666;\n\t\t\t}\n\t\t\t.formcraft-css .fc-form.fc-form-1 .form-element .field-cover input[type=\"text\"],\n\t\t\t.formcraft-css .fc-form.fc-form-1 .form-element .field-cover input[type=\"email\"],\n\t\t\t.formcraft-css .fc-form.fc-form-1 .form-element .field-cover input[type=\"password\"],\n\t\t\t.formcraft-css .fc-form.fc-form-1 .form-element .field-cover input[type=\"tel\"],\n\t\t\t.formcraft-css .fc-form.fc-form-1 .form-element .field-cover textarea,\n\t\t\t.formcraft-css .fc-form.fc-form-1 .form-element .field-cover select,\n\t\t\t.formcraft-css .fc-form.fc-form-1 .form-element .field-cover .time-fields-cover,\n\t\t\t.formcraft-css .fc-form.fc-form-1 .form-element .field-cover .awesomplete ul\n\t\t\t{\n\t\t\t\tcolor: #777;\n\t\t\t}\n\t\t\t.formcraft-css .fc-form.fc-form-1 .form-element .field-cover input[type=\"text\"],\n\t\t\t.formcraft-css .fc-form.fc-form-1 .form-element .field-cover input[type=\"password\"],\n\t\t\t.formcraft-css .fc-form.fc-form-1 .form-element .field-cover input[type=\"email\"],\n\t\t\t.formcraft-css .fc-form.fc-form-1 .form-element .field-cover input[type=\"radio\"],\n\t\t\t.formcraft-css .fc-form.fc-form-1 .form-element .field-cover input[type=\"checkbox\"],\n\t\t\t.formcraft-css .fc-form.fc-form-1 .form-element .field-cover input[type=\"tel\"],\n\t\t\t.formcraft-css .fc-form.fc-form-1 .form-element .field-cover select,\n\t\t\t.formcraft-css .fc-form.fc-form-1 .form-element .field-cover textarea\n\t\t\t{\n\t\t\t\tbackground-color: #fafafa;\n\t\t\t}\n\t\t\t.formcraft-css .fc-form.fc-form-1 .form-element .field-cover input[type=\"radio\"]:checked,\n\t\t\t.formcraft-css .fc-form.fc-form-1 .form-element .field-cover input[type=\"checkbox\"]:checked {\n\t\t\t\tborder-color: #3b77d1;\n\t\t\t\tbackground: #4488ee;\t\t\t\t\n\t\t\t}\n\t\t\t.formcraft-css .fc-form.fc-form-1 .form-element .star-cover label .star\n\t\t\t{\n\t\t\t\ttext-shadow: 0px 1px 0px #3b77d1;\n\t\t\t}\n\t\t\t.formcraft-css .fc-form.fc-form-1 .form-element .slider-cover .ui-slider-range\n\t\t\t{\n\t\t\t\tbox-shadow: 0px 1px 1px #3b77d1 inset;\n\t\t\t}\n\t\t\t.formcraft-css .fc-form.fc-form-1 .form-element .fileupload-cover .button-file\n\t\t\t{\n\t\t\t\tborder-color: #3b77d1;\n\t\t\t}\n\t\t\t.formcraft-css .fc-form.fc-form-1 .form-element .form-element-html input[type=\"password\"]:focus,\n\t\t\t.formcraft-css .fc-form.fc-form-1 .form-element .form-element-html input[type=\"email\"]:focus,\n\t\t\t.formcraft-css .fc-form.fc-form-1 .form-element .form-element-html input[type=\"tel\"]:focus,\n\t\t\t.formcraft-css .fc-form.fc-form-1 .form-element .form-element-html input[type=\"text\"]:focus,\n\t\t\t.formcraft-css .fc-form.fc-form-1 .form-element .form-element-html textarea:focus,\n\t\t\t.formcraft-css .fc-form.fc-form-1 .form-element .form-element-html select:focus\n\t\t\t{\n\t\t\t\tborder-color: #4488ee;\n\t\t\t}\n\t\t\t.formcraft-css .fc-form.fc-form-1 .form-element .form-element-html .field-cover .is-read-only:focus {\n\t\t\t\tborder-color: #ccc;\n\t\t\t}\n\t\t\t.formcraft-css .fc-form.fc-form-1\t\t\t{\n\t\t\t\tfont-family: inherit;\n\t\t\t}\n\t\t\t@media (max-width : 480px) {\n\t\t\t\thtml .dedicated-page,\n\t\t\t\thtml .dedicated-page .formcraft-css .fc-pagination > div.active\n\t\t\t\t{\n\t\t\t\t\tbackground: white;\n\t\t\t\t}\n\t\t\t}\n\t\t<\/style>\n\t\t<div class=\"form-cover\">\n\t\t\t<form data-auto-scroll=\"\" data-no-message-redirect=\"\" data-thousand=\"\" data-decimal=\".\" data-delay=\"\" data-id=\"1\" class=\"fc-form fc-form-1 align- fc-temp-class save-form- dont-submit-hidden- remove-asterisk- icons-hide- disable-enter- label-placeholder field-border-visible field-alignment-left   frame-hidden\" style=\"width: 520px; color: #666666; font-size: 100%; background: white\">\n\t\t\t\t<!-- ngRepeat: page in Builder.FormElements track by $index --><div class=\"form-page form-page-0\" data-index=\"0\">\n\t\t\t\t\t\n\t\t\t\t\t<div class=\"form-page-content      ng-not-empty\">\n\t\t\t\t\t\t<div data-identifier=\"field1\" data-index=\"0\" style=\"width: 100%\" class=\" form-element form-element-field1 form-element-0 default-false form-element-type-oneLineText odd -handle is-required-true options-false\">\n\t\t\t\t\t\t\t<div class=\"form-element-html\"><div ><label class=\"oneLineText-cover field-cover  \"><span class=\"sub-label-false\"><span class=\"main-label\"><span >Meno<\/span><\/span><span class=\"sub-label\"><\/span><\/span><div><span class=\"error\"><\/span><input type=\"text\" placeholder=\"Meno\" make-read-only=\"false\" data-field-id=\"field1\" name=\"field1[]\" data-min-char=\"\" data-max-char=\"\" data-val-type=\"\" data-regexp=\"\" data-is-required=\"true\" data-allow-spaces=\"\" class=\"validation-lenient\" data-placement=\"right\" data-toggle=\"tooltip\" tooltip=\"\" data-trigger=\"focus\" data-html=\"true\" data-input-mask=\"\" data-mask-placeholder=\"\" data-original-title=\"\"><i class=\"formcraft-icon formcraft-icon-type-\"><\/i><\/div><\/label><\/div><\/div>\n\t\t\t\t\t\t\t\n\t\t\t\t\t\t<\/div><div data-identifier=\"field2\" data-index=\"1\" style=\"width: 100%\" class=\" even form-element form-element-field2 form-element-1 default-false form-element-type-email -handle is-required-true options-false\">\n\t\t\t\t\t\t\t<div class=\"form-element-html\"><div ><label class=\"email-cover field-cover  \"><span class=\"sub-label-true\"><span class=\"main-label\"><span >E-mail<\/span><\/span><span class=\"sub-label\"><\/span><\/span><div><span class=\"error\"><\/span><input placeholder=\"E-mail\" data-field-id=\"field2\" type=\"text\" data-val-type=\"email\" make-read-only=\"\" data-is-required=\"true\" name=\"field2\" class=\"validation-lenient\" data-placement=\"right\" data-toggle=\"tooltip\" tooltip=\"\" data-trigger=\"focus\" data-html=\"true\" data-original-title=\"\"><i class=\"formcraft-icon\">email<\/i><\/div><\/label><\/div><\/div>\n\t\t\t\t\t\t\t\n\t\t\t\t\t\t<\/div><div data-identifier=\"field3\" data-index=\"2\" style=\"width: 100%\" class=\" form-element form-element-field3 form-element-2 default-false form-element-type-oneLineText is-required-false odd -handle options-false\">\n\t\t\t\t\t\t\t<div class=\"form-element-html\"><div ><label class=\"oneLineText-cover field-cover  \"><span class=\"sub-label-false\"><span class=\"main-label\"><span >Telef\u00f3n<\/span><\/span><span class=\"sub-label\"><\/span><\/span><div><span class=\"error\"><\/span><input type=\"text\" placeholder=\"Telef\u00f3n\" make-read-only=\"false\" data-field-id=\"field3\" name=\"field3[]\" data-min-char=\"\" data-max-char=\"\" data-val-type=\"\" data-regexp=\"\" data-is-required=\"false\" data-allow-spaces=\"\" class=\"validation-lenient\" data-placement=\"right\" data-toggle=\"tooltip\" tooltip=\"\" data-trigger=\"focus\" data-html=\"true\" data-input-mask=\"\" data-mask-placeholder=\"\" data-original-title=\"\"><i class=\"formcraft-icon formcraft-icon-type-\"><\/i><\/div><\/label><\/div><\/div>\n\t\t\t\t\t\t\t\n\t\t\t\t\t\t<\/div><div data-identifier=\"field4\" data-index=\"3\" style=\"width: 100%\" class=\" even form-element form-element-field4 options-false form-element-3 default-false form-element-type-textarea is-required-false -handle\">\n\t\t\t\t\t\t\t<div class=\"form-element-html\"><div ><label class=\"textarea-cover field-cover  \"><span class=\"sub-label-false\"><span class=\"main-label\"><span >Spr\u00e1va<\/span><\/span><span class=\"sub-label\"><\/span><\/span><div><span class=\"error\"><\/span><textarea data-field-id=\"field4\" placeholder=\"Spr\u00e1va\" class=\"validation-lenient\" name=\"field4\" value=\"\" rows=\"5\" data-min-char=\"\" data-max-char=\"\" data-is-required=\"false\" data-placement=\"right\" data-toggle=\"tooltip\" tooltip=\"\" data-trigger=\"focus\" data-html=\"true\" data-original-title=\"\" style=\"min-height: 109.797px\"><\/textarea><div class=\"count-\"><span class=\"current-count\">0<\/span> \/ <span class=\"max-count \"><\/span><\/div><\/div><\/label><\/div><\/div>\n\t\t\t\t\t\t\t\n\t\t\t\t\t\t<\/div><div data-identifier=\"field5\" data-index=\"4\" style=\"width: 100%\" class=\" form-element form-element-field5 options-false form-element-4 default-false form-element-type-submit is-required-false odd -handle\">\n\t\t\t\t\t\t\t<div class=\"form-element-html\"><div ><div class=\"align-right wide-false submit-cover field-cover\"><button type=\"submit\" class=\"button submit-button\"><span class=\"text \">Odosla\u0165<\/span><span class=\"spin-cover\"><i style=\"color:\" class=\"loading-icon icon-cog animate-spin\"><\/i><\/span><\/button><\/div><div class=\"submit-response \"><\/div><label ><input type=\"text\" class=\"required_field\" name=\"website\" autocomplete=\"maple-syrup-pot\"><\/label><\/div><\/div>\n\t\t\t\t\t\t\t\n\t\t\t\t\t\t<\/div>\n\t\t\t\t\t<\/div>\n\t\t\t\t<\/div><!-- end ngRepeat: page in Builder.FormElements track by $index -->\n\t\t\t<\/form>\n\t\t\t<div class=\"prev-next prev-next-1\" style=\"width: 520px; color: #666666; font-size: 100%; background: white\">\n\t\t\t\t<div>\n\t\t\t\t\t\n\t\t\t\t\t<span class=\"inactive page-prev \"><i class=\"formcraft-icon\">keyboard_arrow_left<\/i>Previous<\/span><\/div>\n\t\t\t\t<div>\n\t\t\t\t\t\n\t\t\t\t\t<span class=\"page-next \">Next<i class=\"formcraft-icon\">keyboard_arrow_right<\/i><\/span><\/div>\n\t\t\t<\/div>\n\t\t<\/div><\/div>[\/vc_column_text][\/vc_column][\/vc_row][vc_row full_width=&#8221;stretch_row_content_no_spaces&#8221; css=&#8221;.vc_custom_1623273656101{margin-bottom: -40px !important;}&#8221;][vc_column][vc_raw_html]JTNDaWZyYW1lJTIwc3JjJTNEJTIyaHR0cHMlM0ElMkYlMkZ3d3cuZ29vZ2xlLmNvbSUyRm1hcHMlMkZlbWJlZCUzRnBiJTNEJTIxMW0xOCUyMTFtMTIlMjExbTMlMjExZDE2NjkuMDEzNTQ3NDExMTE3NSUyMTJkMTcuNDQyNjMyNzA5NjE0OTA1JTIxM2Q0OC40NjM4MzkzODEyNTMwNzQlMjEybTMlMjExZjAlMjEyZjAlMjEzZjAlMjEzbTIlMjExaTEwMjQlMjEyaTc2OCUyMTRmMTMuMSUyMTNtMyUyMTFtMiUyMTFzMHg0NzZjYTRlYTM4MjVhYmEzJTI1M0EweDE4NzhlMDJhZGE3MmRkNDElMjEyelNHOXlic09wSUU5eVpjV2hZVzU1SURVNU15d2dPVEU1SURBeklFaHZjbTdEcVNCUGNtWEZvV0Z1ZVElMjE1ZTElMjEzbTIlMjExc3NrJTIxMnNzayUyMTR2MTYyMzI3MzM5NzU5MiUyMTVtMiUyMTFzc2slMjEyc3NrJTIyJTIwd2lkdGglM0QlMjIxMDAlMjUlMjIlMjBoZWlnaHQlM0QlMjI0NTAlMjIlMjBzdHlsZSUzRCUyMmJvcmRlciUzQTAlM0IlMjIlMjBhbGxvd2Z1bGxzY3JlZW4lM0QlMjIlMjIlMjBsb2FkaW5nJTNEJTIybGF6eSUyMiUzRSUzQyUyRmlmcmFtZSUzRQ==[\/vc_raw_html][\/vc_column][\/vc_row]<\/p>\n","protected":false},"excerpt":{"rendered":"<p>[vc_row wrap_container=&#8221;yes&#8221; is_section=&#8221;yes&#8221; section_skin=&#8221;parallax&#8221; remove_margin_top=&#8221;yes&#8221; remove_border=&#8221;yes&#8221; css=&#8221;.vc_custom_1557441271931{border-bottom-width: 1px !important;border-bottom-color: rgba(0,0,0,0.03) !important;border-bottom-style: solid !important;}&#8221;][vc_column][\/vc_column][\/vc_row][vc_row wrap_container=&#8221;yes&#8221; css=&#8221;.vc_custom_1623306210707{padding-top: 30px !important;padding-bottom: 30px !important;}&#8221;][vc_column offset=&#8221;vc_col-md-5&#8243;][vc_column_text]TJ Iskra Horn\u00e9 Ore\u0161any o.z. Adresa: \u0160portov\u00e1 ulica 593\/3, Horn\u00e9 Ore\u0161any 919 03 Telef\u00f3n: 0903\/434530 E-mail: tjiskrahorneoresany@gmail.com I\u010cO: 00892211 Banka: SK05 0900 0000 0051 2663 6250 V\u00fdbor klubu (zoraden\u00e9 abecedne): Dvorn\u00e1k Martin Kimli\u010dka Radovan Lo\u0161onsk\u00fd Vladim\u00edr [&hellip;]<\/p>\n","protected":false},"author":1,"featured_media":0,"parent":0,"menu_order":0,"comment_status":"closed","ping_status":"closed","template":"","meta":[],"_links":{"self":[{"href":"https:\/\/www.horneoresany.sk\/tjiskra\/wp-json\/wp\/v2\/pages\/183"}],"collection":[{"href":"https:\/\/www.horneoresany.sk\/tjiskra\/wp-json\/wp\/v2\/pages"}],"about":[{"href":"https:\/\/www.horneoresany.sk\/tjiskra\/wp-json\/wp\/v2\/types\/page"}],"author":[{"embeddable":true,"href":"https:\/\/www.horneoresany.sk\/tjiskra\/wp-json\/wp\/v2\/users\/1"}],"replies":[{"embeddable":true,"href":"https:\/\/www.horneoresany.sk\/tjiskra\/wp-json\/wp\/v2\/comments?post=183"}],"version-history":[{"count":20,"href":"https:\/\/www.horneoresany.sk\/tjiskra\/wp-json\/wp\/v2\/pages\/183\/revisions"}],"predecessor-version":[{"id":801,"href":"https:\/\/www.horneoresany.sk\/tjiskra\/wp-json\/wp\/v2\/pages\/183\/revisions\/801"}],"wp:attachment":[{"href":"https:\/\/www.horneoresany.sk\/tjiskra\/wp-json\/wp\/v2\/media?parent=183"}],"curies":[{"name":"wp","href":"https:\/\/api.w.org\/{rel}","templated":true}]}}