{"id":2,"date":"2019-05-08T01:31:01","date_gmt":"2019-05-08T01:31:01","guid":{"rendered":"http:\/\/sw-themes.com\/porto_dummy\/?page_id=2"},"modified":"2022-05-03T10:07:57","modified_gmt":"2022-05-03T08:07:57","slug":"slovnaft-cup","status":"publish","type":"page","link":"https:\/\/www.horneoresany.sk\/tjiskra\/slovnaft-cup\/","title":{"rendered":"Slovnaft Cup"},"content":{"rendered":"<p>[vc_row][vc_column width=&#8221;1\/2&#8243;][vc_column_text]<\/p>\n<h2>Slovensk\u00fd poh\u00e1r vo futbale<\/h2>\n<p>Historicky prv\u00fd kr\u00e1t sa TJ Iskra Horn\u00e9 Ore\u0161any prihl\u00e1sila do <strong>Slovnaft Cupu \u00a0v\u00a0ro\u010dn\u00edku 2018 \/2019<\/strong>, ke\u010f\u017ee n\u00e1m to ako \u00fa\u010dastn\u00edkovi krajskej V\u00a0ligy z\u00e1pad dovo\u013euje \u0161tat\u00fat s\u00fa\u0165a\u017ee. V\u00a0\u00favodnom kole sme narazili na IV. ligov\u00fd TJ Slavoj Boler\u00e1z, ktor\u00fd sme po g\u00f3loch Mateja Me\u0161ka a\u00a0Martina Mekk\u00e9ho poslali domov z\u00a0prehrou 2:1. A\u00a0tak sa na\u0161a TJ te\u0161ila na futbalov\u00fd sviatok, nako\u013eko u\u017e pred t\u00fdm sme vedeli, \u017ee na v\u00ed\u0165aza \u010dak\u00e1 s\u00faboj s\u00a0fortunaligistom \u0160K Slovan Bratislava. Z\u00e1pas 2. kola bol z\u00a0d\u00f4vodu povinnost\u00ed Slovana v\u00a0Eur\u00f3pskych s\u00fa\u0165a\u017eiach posunut\u00fd na 29. 08. 2018. Na \u0161tadi\u00f3n si na\u0161lo cestu viac ako 1300 div\u00e1kov, \u010do si hist\u00f3ria n\u00e1\u0161ho klubu nepam\u00e4t\u00e1. V\u00a0peknom sviato\u010dnom dni sa z\u00e1pas skon\u010dil v\u00fdhrou 2:0 pre favorita. G\u00f3lovo sa presadili Filip Holo\u0161ko a\u00a0Boris Cmiljani\u010d. Av\u0161ak po z\u00e1pase sa rozp\u00fatala diskusia o\u00a0neopr\u00e1vnenom \u0161tarte hos\u0165uj\u00faceho hr\u00e1\u010da Marina Ljubi\u010dica. Nakoniec o\u00a0na\u0161ej v\u00fdhre, 3:0 kontuma\u010dne rozhodla disciplin\u00e1rna komisia SFZ. V\u00a0tre\u0165om kole sme op\u00e4\u0165 na dom\u00e1com tr\u00e1vniku priv\u00edtali z\u00e1stupcu IV. ligy MFK Vrbov\u00e9. Z\u00e1pas sa za\u010dal na\u0161\u00edm g\u00f3lom, ke\u010f v\u00a015 min\u00fate otv\u00e1ral sk\u00f3re Matej Me\u0161ko, ale n\u00e1sledne 3 g\u00f3lmi v\u00a0priebehu 9 min\u00fat sme boli vhodn\u00fd na uter\u00e1k. N\u00e1dej na \u010fal\u0161\u00ed dobr\u00fd v\u00fdsledok n\u00e1m vr\u00e1til vlastn\u00fd g\u00f3l host\u00ed v\u00a040 min\u00fate. Do kab\u00edn sa odch\u00e1dzalo za stavu 2:3 pre host\u00ed. Po zmene str\u00e1n v\u0161ak prevzali taktovku z\u00e1pasu dom\u00e1ci a\u00a0po g\u00f3loch Andreja Mekk\u00e9ho a\u00a0Jakuba Hodul\u00edka, ktor\u00fd sa presadil 2 kr\u00e1t, sme sa te\u0161ili\u00a0 z\u00a0celkov\u00e9ho v\u00ed\u0165azstva 5:3. Post\u00fapili sme medzi 32 najlep\u0161\u00edch klubov na Slovensku z\u00a0celkov\u00fdch 256 prihl\u00e1sen\u00fdch. \u017dreb n\u00e1m v\u00a04 kole doprial op\u00e4\u0165 fortunaligistu FK Senica. Z\u00e1pas bol na programe 10. 10. 2018 o\u00a015:30 hod. Favorit v\u0161ak tento kr\u00e1t \u017eiadne prekvapenie nedovolil a\u00a0z\u00e1pas vyhral jednozna\u010dne 11:0. U\u017eili sme si chv\u00edle sl\u00e1vy a\u00a0mohli sme sa s\u00fastredi\u0165 u\u017e len na ligu.<\/p>\n<p><strong>V\u00a0ro\u010dn\u00edku 2019\/2020<\/strong> sme sa do Slovnaft Cupu neprihl\u00e1sili.<\/p>\n<p><strong>V\u00a0ro\u010dn\u00edku 2020\/2021<\/strong> sme v\u00a0prvom kole vypadli po prehre 3:6 s\u00a0Jaslovsk\u00fdmi Bohunicami.[\/vc_column_text][\/vc_column][vc_column width=&#8221;1\/2&#8243;][vc_single_image image=&#8221;454&#8243; img_size=&#8221;large&#8221;][vc_column_text]<strong>Z arch\u00edvu:<\/strong><\/p>\n<ul>\n<li><a href=\"https:\/\/www.trnavskyhlas.sk\/c\/24390-horne-oresany-v-pohari-vyradili-boleraz-vybojovali-si-zapas-so-slovanom-bratislava\/\">Horn\u00e9 Ore\u0161any v\u00a0poh\u00e1ri vyradili Boler\u00e1z, vybojovali si z\u00e1pas so Slovanom Bratislava<\/a><\/li>\n<li><a href=\"https:\/\/www.trnavskyhlas.sk\/c\/24580-horne-oresany-privitaju-slovan-branky-sme-vymurovali-tehlami-smeje-sa-domaci-trener\/\">Horn\u00e9 Ore\u0161any priv\u00edtaj\u00fa Slovan: Br\u00e1nky sme vymurovali tehlami, smeje sa dom\u00e1ci tr\u00e9ner<\/a><\/li>\n<li><a href=\"http:\/\/www.trnavskyhlas.sk\/c\/24596-horne-oresany-vypadli-so-slovanom-po-dostojnom-vykone-duel-sledovalo-takmer-1400-ludi\/\">Horn\u00e9 Ore\u0161any vypadli so Slovanom po d\u00f4stojnom v\u00fdkone, duel sledovalo takmer 1400 \u013eud\u00ed<\/a><\/li>\n<li><a href=\"https:\/\/www.trnavskyhlas.sk\/c\/24610-v-hornych-oresanoch-sa-po-vyradeni-slovana-bavia-chcu-vyhrat-slovnaft-cup\/\">V Horn\u00fdch Ore\u0161anoch sa po vyraden\u00ed Slovana bavia, chc\u00fa vyhra\u0165 Slovnaft Cup<\/a><\/li>\n<li><a href=\"https:\/\/www.trnavskyhlas.sk\/c\/24899-slovnaft-cup-do-malzenic-a-hornych-oresian-pridu-fortunaligisti-spartak-mieri-do-bardejova\/\">Slovnaft Cup: Do Mal\u017een\u00edc a\u00a0Horn\u00fdch Ore\u0161ian pr\u00eddu fortunaligisti, Spartak mieri do Bardejova<\/a><\/li>\n<\/ul>\n<p>[\/vc_column_text][\/vc_column][\/vc_row][vc_row][vc_column width=&#8221;2\/3&#8243;][vc_gallery type=&#8221;image_grid&#8221; images=&#8221;459,460,461,462,463,464,465,466,467,468,469,470,471,472,473,474,475,476,477,478,479,480,481,482,483,484,485,486,487,488,489,490&#8243;][vc_column_text]Foto: J\u00e1n Kr\u00e1l (ww.trnavskyhlas.sk)[\/vc_column_text][\/vc_column][vc_column width=&#8221;1\/3&#8243;][vc_column_text]<\/p>\n<h2>O Slovnaft Cupe<\/h2>\n<p>Slovnaft CUP je najvy\u0161\u0161ia n\u00e1rodn\u00e1 poh\u00e1rov\u00e1\u00a0<a href=\"https:\/\/sk.wikipedia.org\/wiki\/Futbal\">futbalov\u00e1<\/a>\u00a0s\u00fa\u0165a\u017e vo vekovej kateg\u00f3rii mu\u017eov, hran\u00e1 od roku 1969 od n\u00e1zvom Slovensk\u00fd poh\u00e1r. V\u00ed\u0165az poh\u00e1ra reprezentuje Slovensko v\u00a0<a href=\"https:\/\/sk.wikipedia.org\/wiki\/Eur%C3%B3pska_liga_UEFA\">Eur\u00f3pskej lige UEFA<\/a>. Poh\u00e1rov\u00e1 s\u00fa\u0165a\u017e sa hr\u00e1 vyra\u010fovac\u00edm syst\u00e9mom, z\u00fa\u010dast\u0148uj\u00fa sa jej aj kluby z ni\u017e\u0161\u00edch s\u00fa\u0165a\u017e\u00ed.<\/p>\n<p>V rokoch 1960 \u2013 1993 sa slovensk\u00e9 kluby z\u00fa\u010dast\u0148ovali s\u00fa\u0165a\u017ee o\u00a0<a href=\"https:\/\/sk.wikipedia.org\/wiki\/%C4%8Cesko-slovensk%C3%BD_poh%C3%A1r_vo_futbale\">\u010cesko-slovensk\u00fd poh\u00e1r<\/a>. Od sez\u00f3ny 1969\/1970 sa hrali v oboch \u010dastiach feder\u00e1cie samostatn\u00e9 poh\u00e1rov\u00e9 s\u00fa\u0165a\u017ee, v\u00ed\u0165azi n\u00e1rodn\u00fdch poh\u00e1rov sa stretli vo fin\u00e1le o\u00a0\u010cesko-slovensk\u00fd poh\u00e1r, v\u00ed\u0165az trofeje reprezentoval krajinu v\u00a0<a href=\"https:\/\/sk.wikipedia.org\/wiki\/Poh%C3%A1r_v%C3%AD%C5%A5azov_poh%C3%A1rov_UEFA\">Poh\u00e1ri v\u00ed\u0165azov poh\u00e1rov<\/a>. Premi\u00e9rov\u00fd ro\u010dn\u00edk Slovensk\u00e9ho poh\u00e1ra vyhral\u00a0<a href=\"https:\/\/sk.wikipedia.org\/wiki\/%C5%A0K_Slovan_Bratislava\">Slovan Bratislava<\/a>, vo fin\u00e1lovom dvojz\u00e1pase bol \u00faspe\u0161nej\u0161\u00ed ako\u00a0<a href=\"https:\/\/sk.wikipedia.org\/wiki\/FK_Dukla_Bansk%C3%A1_Bystrica\">Dukla Bansk\u00e1 Bystrica<\/a>. Fin\u00e1lov\u00e9 z\u00e1pasy sa hrali syst\u00e9mom doma \u2013 vonku, od roku 1986 sa hr\u00e1 len jeden fin\u00e1lov\u00fd z\u00e1pas vo vopred ur\u010denom dejisku.<\/p>\n<p>Slovensk\u00fd futbalov\u00fd zv\u00e4z v s\u00fa\u0165a\u017enom ro\u010dn\u00edku 2011\/2012 uzavrel partnerstvo so spolo\u010dnos\u0165ou Slovnaft, a.s. a po prv\u00fdkr\u00e1t v hist\u00f3rii z\u00edskala t\u00e1to poh\u00e1rov\u00e1 s\u00fa\u0165a\u017e titul\u00e1rneho partnera. Odvtedy nesie n\u00e1zov Slovnaft Cup<\/p>\n<p>V sez\u00f3ne 2014\/2015 vo\u0161iel do platnosti nov\u00fd model najvy\u0161\u0161ej futbalovej s\u00fa\u0165a\u017ee, pod\u013ea ktor\u00e9ho sa do s\u00fa\u0165a\u017ee mohli zapoji\u0165 okrem klubov z Fortuna ligy a DOXXbet ligy aj t\u00edmy z region\u00e1lnych s\u00fa\u0165a\u017e\u00ed. T\u00fdmto sp\u00f4sobom sa sna\u017e\u00edme o zatrakt\u00edvnenie s\u00fa\u0165a\u017ee a o v\u00e4\u010d\u0161\u00ed div\u00e1cky z\u00e1ujem. Prv\u00fd ro\u010dn\u00edk s nov\u00fdmi pravidlami priniesol viac ako trojn\u00e1sobn\u00fd po\u010det futbalov\u00fdch t\u00edmov, ktor\u00e9 zohrali viac ako trojn\u00e1sobn\u00fd po\u010det z\u00e1pasov \u2013 na 179 prihl\u00e1sen\u00fdch futbalov\u00fdch klubov \u010dakalo 180 z\u00e1pasov.<\/p>\n<p><a href=\"https:\/\/www.slovnaftcup.sk\/o-slovnaft-cupe\/\">https:\/\/www.slovnaftcup.sk\/o-slovnaft-cupe\/<\/a>[\/vc_column_text][\/vc_column][\/vc_row]<\/p>\n","protected":false},"excerpt":{"rendered":"<p>[vc_row][vc_column width=&#8221;1\/2&#8243;][vc_column_text] Slovensk\u00fd poh\u00e1r vo futbale Historicky prv\u00fd kr\u00e1t sa TJ Iskra Horn\u00e9 Ore\u0161any prihl\u00e1sila do Slovnaft Cupu \u00a0v\u00a0ro\u010dn\u00edku 2018 \/2019, ke\u010f\u017ee n\u00e1m to ako \u00fa\u010dastn\u00edkovi krajskej V\u00a0ligy z\u00e1pad dovo\u013euje \u0161tat\u00fat s\u00fa\u0165a\u017ee. V\u00a0\u00favodnom kole sme narazili na IV. ligov\u00fd TJ Slavoj Boler\u00e1z, ktor\u00fd sme po g\u00f3loch Mateja Me\u0161ka a\u00a0Martina Mekk\u00e9ho poslali domov z\u00a0prehrou 2:1. A\u00a0tak [&hellip;]<\/p>\n","protected":false},"author":1,"featured_media":0,"parent":0,"menu_order":0,"comment_status":"closed","ping_status":"open","template":"","meta":[],"_links":{"self":[{"href":"https:\/\/www.horneoresany.sk\/tjiskra\/wp-json\/wp\/v2\/pages\/2"}],"collection":[{"href":"https:\/\/www.horneoresany.sk\/tjiskra\/wp-json\/wp\/v2\/pages"}],"about":[{"href":"https:\/\/www.horneoresany.sk\/tjiskra\/wp-json\/wp\/v2\/types\/page"}],"author":[{"embeddable":true,"href":"https:\/\/www.horneoresany.sk\/tjiskra\/wp-json\/wp\/v2\/users\/1"}],"replies":[{"embeddable":true,"href":"https:\/\/www.horneoresany.sk\/tjiskra\/wp-json\/wp\/v2\/comments?post=2"}],"version-history":[{"count":8,"href":"https:\/\/www.horneoresany.sk\/tjiskra\/wp-json\/wp\/v2\/pages\/2\/revisions"}],"predecessor-version":[{"id":497,"href":"https:\/\/www.horneoresany.sk\/tjiskra\/wp-json\/wp\/v2\/pages\/2\/revisions\/497"}],"wp:attachment":[{"href":"https:\/\/www.horneoresany.sk\/tjiskra\/wp-json\/wp\/v2\/media?parent=2"}],"curies":[{"name":"wp","href":"https:\/\/api.w.org\/{rel}","templated":true}]}}