{"id":266,"date":"2021-05-28T14:19:06","date_gmt":"2021-05-28T12:19:06","guid":{"rendered":"https:\/\/www.horneoresany.sk\/tjiskra\/?page_id=266"},"modified":"2022-05-01T15:05:35","modified_gmt":"2022-05-01T13:05:35","slug":"teamy","status":"publish","type":"page","link":"https:\/\/www.horneoresany.sk\/tjiskra\/teamy\/","title":{"rendered":"Teamy"},"content":{"rendered":"<p>[vc_row][vc_column]<div id=\"porto-portfolio-3926\" class=\"porto-portfolios porto-portfolios49f222ef4e6c0f17a522a46491440de0 wpb_content_element \">\n\t\n\t<div class=\"page-portfolios portfolios-grid clearfix \">\n\n\t\n\t\n\t\t\t<div class=\"portfolio-row portfolio-row-2 classic\">\n\n\t\n\t\t<article class=\"portfolio portfolio-grid portfolio-col-2 post-64 type-portfolio status-publish has-post-thumbnail hentry\">\n\t\t<span class=\"entry-title\" style=\"display: none;\">A Dru\u017estvo<\/span><span class=\"vcard\" style=\"display: none;\"><span class=\"fn\"><a href=\"https:\/\/www.horneoresany.sk\/tjiskra\/author\/administrator\/\" title=\"Autor \u010dl\u00e1nku administrator\" rel=\"author\">administrator<\/a><\/span><\/span><span class=\"updated\" style=\"display:none\">2024-08-15T08:11:03+02:00<\/span>\t\t<div class=\"portfolio-item outimage\">\n\t\t\t\n\t\t\t<a class=\"text-decoration-none portfolio-link\" href=\"https:\/\/www.horneoresany.sk\/tjiskra\/team\/a-druzstvo\/\">\n\t\t\t\t<span class=\"thumb-info thumb-info-hide-wrapper-bg thumb-info-no-zoom\">\n\t\t\t\t\t<span class=\"thumb-info-wrapper\">\n\t\t\t\t\t\t\t\t\t\t\t\t\t\t\t<img class=\"img-responsive\" src=\"https:\/\/www.horneoresany.sk\/tjiskra\/wp-content\/uploads\/2019\/05\/football.png\" alt=\"\" width=\"64\" height=\"64\" \/>\n\t\t\t\t\t\t\t\t\t\n\t\t\t\t\t\t\n\t\t\t\t\t\t\t\t\t\t\t\t\t<span class=\"thumb-info-title\">\n\t\t\t\t\t\t\t\t<span class=\"thumb-info-inner\">View Project...<\/span>\n\t\t\t\t\t\t\t<\/span>\n\t\t\t\t\t\t\t\t\t\t\t\t\t\t\t\t\t\t\t\t\t\t\t\t\t<\/span>\n\t\t\t\t<\/span>\n\t\t\t<\/a>\n\t\t\t\t\t\t\t\t\t\t\t\t<h4 class=\"m-t-md m-b-none portfolio-title\">A Dru\u017estvo<\/h4>\n\t\t\t\t\n\t\t\t\t\n\t\t\t\t\t\t\t\t\t<div class=\"portfolio-brief-content m-t p-l-lg p-r-lg\">\n\t\t\t\t\t<p class=\"post-excerpt\">[vc_row][vc_column][vc_column_text]\r\nA mu\u017estvo TJ Iskra Horn\u00e9 Ore\u0161any  (viac&hellip;) <a class=\"read-more\" href=\"https:\/\/www.horneoresany.sk\/tjiskra\/team\/a-druzstvo\/\">\u010cita\u0165 \u010falej <i class=\"fas fa-angle-right\"><\/i><\/a><\/p>\t\t\t\t\t<\/div>\n\t\t\t\t\n\t\t\t\t\n\t\t\t\t\t\t\t\t<\/div>\n\t<\/article>\n\t\t<article class=\"portfolio portfolio-grid portfolio-col-2 post-60 type-portfolio status-publish has-post-thumbnail hentry\">\n\t\t<span class=\"entry-title\" style=\"display: none;\">\u017diaci<\/span><span class=\"vcard\" style=\"display: none;\"><span class=\"fn\"><a href=\"https:\/\/www.horneoresany.sk\/tjiskra\/author\/administrator\/\" title=\"Autor \u010dl\u00e1nku administrator\" rel=\"author\">administrator<\/a><\/span><\/span><span class=\"updated\" style=\"display:none\">2022-09-03T21:42:34+02:00<\/span>\t\t<div class=\"portfolio-item outimage\">\n\t\t\t\n\t\t\t<a class=\"text-decoration-none portfolio-link\" href=\"https:\/\/www.horneoresany.sk\/tjiskra\/team\/ziaci\/\">\n\t\t\t\t<span class=\"thumb-info thumb-info-hide-wrapper-bg thumb-info-no-zoom\">\n\t\t\t\t\t<span class=\"thumb-info-wrapper\">\n\t\t\t\t\t\t\t\t\t\t\t\t\t\t\t<img class=\"img-responsive\" src=\"https:\/\/www.horneoresany.sk\/tjiskra\/wp-content\/uploads\/2019\/05\/soccer.png\" alt=\"\" width=\"64\" height=\"64\" \/>\n\t\t\t\t\t\t\t\t\t\n\t\t\t\t\t\t\n\t\t\t\t\t\t\t\t\t\t\t\t\t<span class=\"thumb-info-title\">\n\t\t\t\t\t\t\t\t<span class=\"thumb-info-inner\">View Project...<\/span>\n\t\t\t\t\t\t\t<\/span>\n\t\t\t\t\t\t\t\t\t\t\t\t\t\t\t\t\t\t\t\t\t\t\t\t\t<\/span>\n\t\t\t\t<\/span>\n\t\t\t<\/a>\n\t\t\t\t\t\t\t\t\t\t\t\t<h4 class=\"m-t-md m-b-none portfolio-title\">\u017diaci<\/h4>\n\t\t\t\t\n\t\t\t\t\n\t\t\t\t\t\t\t\t\t<div class=\"portfolio-brief-content m-t p-l-lg p-r-lg\">\n\t\t\t\t\t<p class=\"post-excerpt\">[vc_row el_class=\"mb-5\"][vc_column][vc_column_text]\r\nDru\u017estvo star\u0161\u00edch \u017eiakov U 15 a mlad\u0161\u00edch \u017eiakov U 13. (viac&hellip;) <a class=\"read-more\" href=\"https:\/\/www.horneoresany.sk\/tjiskra\/team\/ziaci\/\">\u010cita\u0165 \u010falej <i class=\"fas fa-angle-right\"><\/i><\/a><\/p>\t\t\t\t\t<\/div>\n\t\t\t\t\n\t\t\t\t\n\t\t\t\t\t\t\t\t<\/div>\n\t<\/article>\n\t\t<article class=\"portfolio portfolio-grid portfolio-col-2 post-26 type-portfolio status-publish has-post-thumbnail hentry\">\n\t\t<span class=\"entry-title\" style=\"display: none;\">Pr\u00edpravka<\/span><span class=\"vcard\" style=\"display: none;\"><span class=\"fn\"><a href=\"https:\/\/www.horneoresany.sk\/tjiskra\/author\/administrator\/\" title=\"Autor \u010dl\u00e1nku administrator\" rel=\"author\">administrator<\/a><\/span><\/span><span class=\"updated\" style=\"display:none\">2022-05-02T08:03:54+02:00<\/span>\t\t<div class=\"portfolio-item outimage\">\n\t\t\t\n\t\t\t<a class=\"text-decoration-none portfolio-link\" href=\"https:\/\/www.horneoresany.sk\/tjiskra\/team\/pripravka\/\">\n\t\t\t\t<span class=\"thumb-info thumb-info-hide-wrapper-bg thumb-info-no-zoom\">\n\t\t\t\t\t<span class=\"thumb-info-wrapper\">\n\t\t\t\t\t\t\t\t\t\t\t\t\t\t\t<img class=\"img-responsive\" src=\"https:\/\/www.horneoresany.sk\/tjiskra\/wp-content\/uploads\/2019\/05\/football-shoes.png\" alt=\"\" width=\"64\" height=\"64\" \/>\n\t\t\t\t\t\t\t\t\t\n\t\t\t\t\t\t\n\t\t\t\t\t\t\t\t\t\t\t\t\t<span class=\"thumb-info-title\">\n\t\t\t\t\t\t\t\t<span class=\"thumb-info-inner\">View Project...<\/span>\n\t\t\t\t\t\t\t<\/span>\n\t\t\t\t\t\t\t\t\t\t\t\t\t\t\t\t\t\t\t\t\t\t\t\t\t<\/span>\n\t\t\t\t<\/span>\n\t\t\t<\/a>\n\t\t\t\t\t\t\t\t\t\t\t\t<h4 class=\"m-t-md m-b-none portfolio-title\">Pr\u00edpravka<\/h4>\n\t\t\t\t\n\t\t\t\t\n\t\t\t\t\t\t\t\t\t<div class=\"portfolio-brief-content m-t p-l-lg p-r-lg\">\n\t\t\t\t\t<p class=\"post-excerpt\">[vc_row el_class=\"mb-5\"][vc_column][vc_column_text]\r\nPr\u00edpravka U 11, pr\u00edpravka U9 a predpr\u00edpravka U7\r\n (viac&hellip;) <a class=\"read-more\" href=\"https:\/\/www.horneoresany.sk\/tjiskra\/team\/pripravka\/\">\u010cita\u0165 \u010falej <i class=\"fas fa-angle-right\"><\/i><\/a><\/p>\t\t\t\t\t<\/div>\n\t\t\t\t\n\t\t\t\t\n\t\t\t\t\t\t\t\t<\/div>\n\t<\/article>\n\t\n\t\n\t\n\t\t<\/div>\n\n\t\n\t\n\t<\/div>\n\n\t\n\t\n\t<\/div>[\/vc_column][\/vc_row]<\/p>\n","protected":false},"excerpt":{"rendered":"<p>[vc_row][vc_column][\/vc_column][\/vc_row]<\/p>\n","protected":false},"author":1,"featured_media":0,"parent":0,"menu_order":0,"comment_status":"closed","ping_status":"closed","template":"","meta":[],"_links":{"self":[{"href":"https:\/\/www.horneoresany.sk\/tjiskra\/wp-json\/wp\/v2\/pages\/266"}],"collection":[{"href":"https:\/\/www.horneoresany.sk\/tjiskra\/wp-json\/wp\/v2\/pages"}],"about":[{"href":"https:\/\/www.horneoresany.sk\/tjiskra\/wp-json\/wp\/v2\/types\/page"}],"author":[{"embeddable":true,"href":"https:\/\/www.horneoresany.sk\/tjiskra\/wp-json\/wp\/v2\/users\/1"}],"replies":[{"embeddable":true,"href":"https:\/\/www.horneoresany.sk\/tjiskra\/wp-json\/wp\/v2\/comments?post=266"}],"version-history":[{"count":5,"href":"https:\/\/www.horneoresany.sk\/tjiskra\/wp-json\/wp\/v2\/pages\/266\/revisions"}],"predecessor-version":[{"id":271,"href":"https:\/\/www.horneoresany.sk\/tjiskra\/wp-json\/wp\/v2\/pages\/266\/revisions\/271"}],"wp:attachment":[{"href":"https:\/\/www.horneoresany.sk\/tjiskra\/wp-json\/wp\/v2\/media?parent=266"}],"curies":[{"name":"wp","href":"https:\/\/api.w.org\/{rel}","templated":true}]}}