{"id":337,"date":"2021-06-10T10:43:09","date_gmt":"2021-06-10T08:43:09","guid":{"rendered":"https:\/\/www.horneoresany.sk\/tjiskra\/?page_id=337"},"modified":"2022-05-02T23:17:47","modified_gmt":"2022-05-02T21:17:47","slug":"iskra-cup","status":"publish","type":"page","link":"https:\/\/www.horneoresany.sk\/tjiskra\/iskra-cup\/","title":{"rendered":"Iskra Cup"},"content":{"rendered":"<p>[vc_row][vc_column width=&#8221;1\/2&#8243;][vc_column_text]<\/p>\n<h2>Iskra Cup<\/h2>\n<blockquote class=\"wp-block-quote\"><p><strong>Medzin\u00e1rodn\u00fd ml\u00e1de\u017en\u00edcky futbalov\u00fd turnaj v\u00a0kateg\u00f3ri\u00ed U\u00a011.<\/strong><\/p><\/blockquote>\n<p>&nbsp;<\/p>\n<h3>4. ro\u010dn\u00edk<\/h3>\n<p><strong>Ostatn\u00fd ro\u010dn\u00edk turnaja pr\u00edpraviek v kateg\u00f3rii U 11 sa uskuto\u010dnil d\u0148a 01 a 02. j\u00fana 2019.<\/strong><\/p>\n<p>Z\u00fa\u010dastnilo sa ho celkovo 16 mu\u017estiev zo Slovenska a\u00a0\u010ceskej republiky.<\/p>\n<p>V\u00a0sobotu mu\u017estv\u00e1 bojovali v\u00a0\u0161tvor\u010dlenn\u00fdch z\u00e1kladn\u00fdch skupin\u00e1ch o\u00a0postup do play off. V\u00a0nede\u013eu boli na programe z\u00e1pasy o\u00a0umiestnenie, play off a\u00a0na z\u00e1ver fin\u00e1le.[\/vc_column_text][vc_column_text]<\/p>\n<h3>Z\u00e1kladn\u00e9 skupiny<\/h3>\n<p><img loading=\"lazy\" class=\"alignleft size-full wp-image-406\" src=\"https:\/\/www.horneoresany.sk\/tjiskra\/wp-content\/uploads\/2022\/05\/2019_06_01_iskra_cup_skupina_a.jpg\" alt=\"\" width=\"828\" height=\"227\" srcset=\"https:\/\/www.horneoresany.sk\/tjiskra\/wp-content\/uploads\/2022\/05\/2019_06_01_iskra_cup_skupina_a.jpg 828w, https:\/\/www.horneoresany.sk\/tjiskra\/wp-content\/uploads\/2022\/05\/2019_06_01_iskra_cup_skupina_a-768x211.jpg 768w, https:\/\/www.horneoresany.sk\/tjiskra\/wp-content\/uploads\/2022\/05\/2019_06_01_iskra_cup_skupina_a-640x175.jpg 640w, https:\/\/www.horneoresany.sk\/tjiskra\/wp-content\/uploads\/2022\/05\/2019_06_01_iskra_cup_skupina_a-400x110.jpg 400w, https:\/\/www.horneoresany.sk\/tjiskra\/wp-content\/uploads\/2022\/05\/2019_06_01_iskra_cup_skupina_a-367x101.jpg 367w\" sizes=\"(max-width: 828px) 100vw, 828px\" \/><\/p>\n<p><img loading=\"lazy\" class=\"alignleft size-full wp-image-407\" src=\"https:\/\/www.horneoresany.sk\/tjiskra\/wp-content\/uploads\/2022\/05\/2019_06_01_iskra_cup_skupina_b.jpg\" alt=\"\" width=\"831\" height=\"228\" srcset=\"https:\/\/www.horneoresany.sk\/tjiskra\/wp-content\/uploads\/2022\/05\/2019_06_01_iskra_cup_skupina_b.jpg 831w, https:\/\/www.horneoresany.sk\/tjiskra\/wp-content\/uploads\/2022\/05\/2019_06_01_iskra_cup_skupina_b-768x211.jpg 768w, https:\/\/www.horneoresany.sk\/tjiskra\/wp-content\/uploads\/2022\/05\/2019_06_01_iskra_cup_skupina_b-640x176.jpg 640w, https:\/\/www.horneoresany.sk\/tjiskra\/wp-content\/uploads\/2022\/05\/2019_06_01_iskra_cup_skupina_b-400x110.jpg 400w, https:\/\/www.horneoresany.sk\/tjiskra\/wp-content\/uploads\/2022\/05\/2019_06_01_iskra_cup_skupina_b-367x101.jpg 367w\" sizes=\"(max-width: 831px) 100vw, 831px\" \/><img loading=\"lazy\" class=\"alignleft size-full wp-image-408\" src=\"https:\/\/www.horneoresany.sk\/tjiskra\/wp-content\/uploads\/2022\/05\/2019_06_01_iskra_cup_skupina_c.jpg\" alt=\"\" width=\"828\" height=\"224\" srcset=\"https:\/\/www.horneoresany.sk\/tjiskra\/wp-content\/uploads\/2022\/05\/2019_06_01_iskra_cup_skupina_c.jpg 828w, https:\/\/www.horneoresany.sk\/tjiskra\/wp-content\/uploads\/2022\/05\/2019_06_01_iskra_cup_skupina_c-768x208.jpg 768w, https:\/\/www.horneoresany.sk\/tjiskra\/wp-content\/uploads\/2022\/05\/2019_06_01_iskra_cup_skupina_c-640x173.jpg 640w, https:\/\/www.horneoresany.sk\/tjiskra\/wp-content\/uploads\/2022\/05\/2019_06_01_iskra_cup_skupina_c-400x108.jpg 400w, https:\/\/www.horneoresany.sk\/tjiskra\/wp-content\/uploads\/2022\/05\/2019_06_01_iskra_cup_skupina_c-367x99.jpg 367w\" sizes=\"(max-width: 828px) 100vw, 828px\" \/><img loading=\"lazy\" class=\"alignleft size-full wp-image-409\" src=\"https:\/\/www.horneoresany.sk\/tjiskra\/wp-content\/uploads\/2022\/05\/2019_06_01_iskra_cup_skupina_d.jpg\" alt=\"\" width=\"829\" height=\"226\" srcset=\"https:\/\/www.horneoresany.sk\/tjiskra\/wp-content\/uploads\/2022\/05\/2019_06_01_iskra_cup_skupina_d.jpg 829w, https:\/\/www.horneoresany.sk\/tjiskra\/wp-content\/uploads\/2022\/05\/2019_06_01_iskra_cup_skupina_d-768x209.jpg 768w, https:\/\/www.horneoresany.sk\/tjiskra\/wp-content\/uploads\/2022\/05\/2019_06_01_iskra_cup_skupina_d-640x174.jpg 640w, https:\/\/www.horneoresany.sk\/tjiskra\/wp-content\/uploads\/2022\/05\/2019_06_01_iskra_cup_skupina_d-400x109.jpg 400w, https:\/\/www.horneoresany.sk\/tjiskra\/wp-content\/uploads\/2022\/05\/2019_06_01_iskra_cup_skupina_d-367x100.jpg 367w\" sizes=\"(max-width: 829px) 100vw, 829px\" \/>[\/vc_column_text][vc_column_text]<img loading=\"lazy\" class=\"alignleft size-full wp-image-415\" src=\"https:\/\/www.horneoresany.sk\/tjiskra\/wp-content\/uploads\/2022\/05\/2019_06_01_iskra_cup_vysledky_1.jpg\" alt=\"\" width=\"1161\" height=\"204\" srcset=\"https:\/\/www.horneoresany.sk\/tjiskra\/wp-content\/uploads\/2022\/05\/2019_06_01_iskra_cup_vysledky_1.jpg 1161w, https:\/\/www.horneoresany.sk\/tjiskra\/wp-content\/uploads\/2022\/05\/2019_06_01_iskra_cup_vysledky_1-1024x180.jpg 1024w, https:\/\/www.horneoresany.sk\/tjiskra\/wp-content\/uploads\/2022\/05\/2019_06_01_iskra_cup_vysledky_1-768x135.jpg 768w, https:\/\/www.horneoresany.sk\/tjiskra\/wp-content\/uploads\/2022\/05\/2019_06_01_iskra_cup_vysledky_1-640x112.jpg 640w, https:\/\/www.horneoresany.sk\/tjiskra\/wp-content\/uploads\/2022\/05\/2019_06_01_iskra_cup_vysledky_1-400x70.jpg 400w, https:\/\/www.horneoresany.sk\/tjiskra\/wp-content\/uploads\/2022\/05\/2019_06_01_iskra_cup_vysledky_1-367x64.jpg 367w\" sizes=\"(max-width: 1161px) 100vw, 1161px\" \/><img loading=\"lazy\" class=\"alignleft size-full wp-image-416\" src=\"https:\/\/www.horneoresany.sk\/tjiskra\/wp-content\/uploads\/2022\/05\/2019_06_01_iskra_cup_vysledky_2.jpg\" alt=\"\" width=\"1081\" height=\"202\" srcset=\"https:\/\/www.horneoresany.sk\/tjiskra\/wp-content\/uploads\/2022\/05\/2019_06_01_iskra_cup_vysledky_2.jpg 1081w, https:\/\/www.horneoresany.sk\/tjiskra\/wp-content\/uploads\/2022\/05\/2019_06_01_iskra_cup_vysledky_2-1024x191.jpg 1024w, https:\/\/www.horneoresany.sk\/tjiskra\/wp-content\/uploads\/2022\/05\/2019_06_01_iskra_cup_vysledky_2-768x144.jpg 768w, https:\/\/www.horneoresany.sk\/tjiskra\/wp-content\/uploads\/2022\/05\/2019_06_01_iskra_cup_vysledky_2-640x120.jpg 640w, https:\/\/www.horneoresany.sk\/tjiskra\/wp-content\/uploads\/2022\/05\/2019_06_01_iskra_cup_vysledky_2-400x75.jpg 400w, https:\/\/www.horneoresany.sk\/tjiskra\/wp-content\/uploads\/2022\/05\/2019_06_01_iskra_cup_vysledky_2-367x69.jpg 367w\" sizes=\"(max-width: 1081px) 100vw, 1081px\" \/><img loading=\"lazy\" class=\"alignleft size-full wp-image-417\" src=\"https:\/\/www.horneoresany.sk\/tjiskra\/wp-content\/uploads\/2022\/05\/2019_06_01_iskra_cup_vysledky_3.jpg\" alt=\"\" width=\"969\" height=\"124\" srcset=\"https:\/\/www.horneoresany.sk\/tjiskra\/wp-content\/uploads\/2022\/05\/2019_06_01_iskra_cup_vysledky_3.jpg 969w, https:\/\/www.horneoresany.sk\/tjiskra\/wp-content\/uploads\/2022\/05\/2019_06_01_iskra_cup_vysledky_3-768x98.jpg 768w, https:\/\/www.horneoresany.sk\/tjiskra\/wp-content\/uploads\/2022\/05\/2019_06_01_iskra_cup_vysledky_3-640x82.jpg 640w, https:\/\/www.horneoresany.sk\/tjiskra\/wp-content\/uploads\/2022\/05\/2019_06_01_iskra_cup_vysledky_3-400x51.jpg 400w, https:\/\/www.horneoresany.sk\/tjiskra\/wp-content\/uploads\/2022\/05\/2019_06_01_iskra_cup_vysledky_3-367x47.jpg 367w\" sizes=\"(max-width: 969px) 100vw, 969px\" \/><img loading=\"lazy\" class=\"alignleft size-full wp-image-418\" src=\"https:\/\/www.horneoresany.sk\/tjiskra\/wp-content\/uploads\/2022\/05\/2019_06_01_iskra_cup_vysledky_4.jpg\" alt=\"\" width=\"970\" height=\"124\" srcset=\"https:\/\/www.horneoresany.sk\/tjiskra\/wp-content\/uploads\/2022\/05\/2019_06_01_iskra_cup_vysledky_4.jpg 970w, https:\/\/www.horneoresany.sk\/tjiskra\/wp-content\/uploads\/2022\/05\/2019_06_01_iskra_cup_vysledky_4-768x98.jpg 768w, https:\/\/www.horneoresany.sk\/tjiskra\/wp-content\/uploads\/2022\/05\/2019_06_01_iskra_cup_vysledky_4-640x82.jpg 640w, https:\/\/www.horneoresany.sk\/tjiskra\/wp-content\/uploads\/2022\/05\/2019_06_01_iskra_cup_vysledky_4-400x51.jpg 400w, https:\/\/www.horneoresany.sk\/tjiskra\/wp-content\/uploads\/2022\/05\/2019_06_01_iskra_cup_vysledky_4-367x47.jpg 367w\" sizes=\"(max-width: 970px) 100vw, 970px\" \/>[\/vc_column_text][vc_column_text css=&#8221;.vc_custom_1651526264844{margin-top: 25px !important;}&#8221;]Viac inform\u00e1ci\u00ed n\u00e1jdete tu: <a href=\"http:\/\/stolnotenisovyturnaj.eu\/vysledky\/vysledky-2010-2019\/vysledky-2019\/01-06-iskra-cup-2019---horne-oresany\">01.06.Iskra cup 2019 &#8211; Horn\u00e9 Ore\u0161any | Stolnotenisov\u00fd turnaj Horn\u00e9 Ore\u0161any (stolnotenisovyturnaj.eu)<\/a>[\/vc_column_text][\/vc_column][vc_column width=&#8221;1\/2&#8243;][vc_single_image image=&#8221;404&#8243; img_size=&#8221;large&#8221;][vc_column_text]<\/p>\n<h2 class=\"color1\">Iskra CUP 2019 &#8211; celkov\u00e9 poradie<\/h2>\n<table>\n<tbody>\n<tr>\n<td><strong>1.<\/strong><\/td>\n<td><strong>FC Nitra<\/strong><\/td>\n<\/tr>\n<tr>\n<td><strong>2.<\/strong><\/td>\n<td><strong>FC Petr\u017ealka<\/strong><\/td>\n<\/tr>\n<tr>\n<td><strong>3.<\/strong><\/td>\n<td><strong>FC Slov\u00e1cko Uhersk\u00e9 Hradi\u0161t\u011b (\u010cR)<\/strong><\/td>\n<\/tr>\n<tr>\n<td><strong>4.<\/strong><\/td>\n<td><strong>FC \u0160TK 1914 \u0160amor\u00edn<\/strong><\/td>\n<\/tr>\n<tr>\n<td><strong>5.<\/strong><\/td>\n<td><strong>Sigma Olomouc (\u010cR)<\/strong><\/td>\n<\/tr>\n<tr>\n<td><strong>6.<\/strong><\/td>\n<td><strong>FK Pohronie \u017diar nad\u00a0Hronom<\/strong><\/td>\n<\/tr>\n<tr>\n<td><strong>7.<\/strong><\/td>\n<td><strong>SDM Domino Bratislava<\/strong><\/td>\n<\/tr>\n<tr>\n<td><strong>8.<\/strong><\/td>\n<td><strong>\u0160KF iClinic Sere\u010f<\/strong><\/td>\n<\/tr>\n<tr>\n<td><strong>9.<\/strong><\/td>\n<td><strong>FK Ra\u010da<\/strong><\/td>\n<\/tr>\n<tr>\n<td><strong>10.<\/strong><\/td>\n<td><strong>\u0160K Slovan Bratislava (U10)<\/strong><\/td>\n<\/tr>\n<tr>\n<td><strong>11.<\/strong><\/td>\n<td><strong>CFM Jozefa Adamca Trebatice<\/strong><\/td>\n<\/tr>\n<tr>\n<td><strong>12.<\/strong><\/td>\n<td><strong>FKM Dev\u00ednska Nov\u00e1 Ves<\/strong><\/td>\n<\/tr>\n<tr>\n<td><strong>13.<\/strong><\/td>\n<td><strong>Lokomot\u00edva Trnava<\/strong><\/td>\n<\/tr>\n<tr>\n<td><strong>14.<\/strong><\/td>\n<td><strong>O\u0160K Smolenice<\/strong><\/td>\n<\/tr>\n<tr>\n<td><strong>15.<\/strong><\/td>\n<td><strong>TJ ISKRA Horn\u00e9 Ore\u0161any<\/strong><\/td>\n<\/tr>\n<tr>\n<td><strong>16.<\/strong><\/td>\n<td><strong>Spartak Trnava (diev\u010dat\u00e1)<\/strong><\/td>\n<\/tr>\n<\/tbody>\n<\/table>\n<p>[\/vc_column_text][vc_column_text]<\/p>\n<h2 class=\"color1\">Iskra CUP 2019 &#8211; s\u00fa\u0165a\u017e jednotlivcov<\/h2>\n<table>\n<tbody>\n<tr>\n<td><strong>\u00a0<\/strong><\/td>\n<td><strong>Priezvisko a\u00a0meno<\/strong><\/td>\n<td><strong>G\u00f3ly<\/strong><\/td>\n<td><strong>Klub<\/strong><\/td>\n<\/tr>\n<tr>\n<td><strong>Najlep\u0161\u00ed strelec:<\/strong><\/td>\n<td>Burda Marek<\/td>\n<td>11<\/td>\n<td>1. FC Slov\u00e1cko<\/td>\n<\/tr>\n<tr>\n<td><strong>Najlep\u0161\u00ed brank\u00e1r:<\/strong><\/td>\n<td>Bede Oliver<\/td>\n<td>&#8211;<\/td>\n<td>FC Nitra<\/td>\n<\/tr>\n<tr>\n<td><strong>Najlep\u0161\u00ed hr\u00e1\u010d:<\/strong><\/td>\n<td>Schmuck Patrik<\/td>\n<td>&#8211;<\/td>\n<td>FC Petr\u017ealka<\/td>\n<\/tr>\n<tr>\n<td><strong>Najlep\u0161ia hr\u00e1\u010dka:<\/strong><\/td>\n<td>Gregu\u0161ov\u00e1 Diana<\/td>\n<td>&#8211;<\/td>\n<td>TJ Iskra Horn\u00e9 Ore\u0161any<\/td>\n<\/tr>\n<\/tbody>\n<\/table>\n<p>[\/vc_column_text][\/vc_column][\/vc_row][vc_row][vc_column][vc_gallery type=&#8221;image_grid&#8221; images=&#8221;420,421,422,423,424,425,426,427,428,429,430,431,432,433,434,435,436,437,438&#8243;][\/vc_column][\/vc_row]<\/p>\n","protected":false},"excerpt":{"rendered":"<p>[vc_row][vc_column width=&#8221;1\/2&#8243;][vc_column_text] Iskra Cup Medzin\u00e1rodn\u00fd ml\u00e1de\u017en\u00edcky futbalov\u00fd turnaj v\u00a0kateg\u00f3ri\u00ed U\u00a011. &nbsp; 4. ro\u010dn\u00edk Ostatn\u00fd ro\u010dn\u00edk turnaja pr\u00edpraviek v kateg\u00f3rii U 11 sa uskuto\u010dnil d\u0148a 01 a 02. j\u00fana 2019. Z\u00fa\u010dastnilo sa ho celkovo 16 mu\u017estiev zo Slovenska a\u00a0\u010ceskej republiky. V\u00a0sobotu mu\u017estv\u00e1 bojovali v\u00a0\u0161tvor\u010dlenn\u00fdch z\u00e1kladn\u00fdch skupin\u00e1ch o\u00a0postup do play off. V\u00a0nede\u013eu boli na programe z\u00e1pasy o\u00a0umiestnenie, [&hellip;]<\/p>\n","protected":false},"author":1,"featured_media":0,"parent":0,"menu_order":0,"comment_status":"closed","ping_status":"open","template":"","meta":[],"_links":{"self":[{"href":"https:\/\/www.horneoresany.sk\/tjiskra\/wp-json\/wp\/v2\/pages\/337"}],"collection":[{"href":"https:\/\/www.horneoresany.sk\/tjiskra\/wp-json\/wp\/v2\/pages"}],"about":[{"href":"https:\/\/www.horneoresany.sk\/tjiskra\/wp-json\/wp\/v2\/types\/page"}],"author":[{"embeddable":true,"href":"https:\/\/www.horneoresany.sk\/tjiskra\/wp-json\/wp\/v2\/users\/1"}],"replies":[{"embeddable":true,"href":"https:\/\/www.horneoresany.sk\/tjiskra\/wp-json\/wp\/v2\/comments?post=337"}],"version-history":[{"count":8,"href":"https:\/\/www.horneoresany.sk\/tjiskra\/wp-json\/wp\/v2\/pages\/337\/revisions"}],"predecessor-version":[{"id":441,"href":"https:\/\/www.horneoresany.sk\/tjiskra\/wp-json\/wp\/v2\/pages\/337\/revisions\/441"}],"wp:attachment":[{"href":"https:\/\/www.horneoresany.sk\/tjiskra\/wp-json\/wp\/v2\/media?parent=337"}],"curies":[{"name":"wp","href":"https:\/\/api.w.org\/{rel}","templated":true}]}}