{"id":444,"date":"2022-05-02T23:33:22","date_gmt":"2022-05-02T21:33:22","guid":{"rendered":"https:\/\/www.horneoresany.sk\/tjiskra\/?page_id=444"},"modified":"2022-06-15T09:08:03","modified_gmt":"2022-06-15T07:08:03","slug":"bestrent-cup","status":"publish","type":"page","link":"https:\/\/www.horneoresany.sk\/tjiskra\/bestrent-cup\/","title":{"rendered":"Bestrent Cup"},"content":{"rendered":"<p>[vc_row][vc_column width=&#8221;2\/3&#8243;][vc_column_text]<\/p>\n<h1 class=\"bigslam-page-title\">BESTRENT CUP OBFZ TRNAVA<\/h1>\n<p>[\/vc_column_text][vc_column_text]<\/p>\n<h2>Fin\u00e1le:<\/h2>\n<div class=\"sc-kNMMVl gqvsSM\">\n<div class=\"sc-iyjcfA jgEdTT\">BESTRENT CUP ObFZ Trnava &#8211; Fin\u00e1le<\/div>\n<\/div>\n<div class=\"sc-ePYzpu jQnjtq\">\n<div class=\"sc-fePdrT jBuWg\">\n<div class=\"sc-gwxJII htKmYu\">\n<div class=\"sc-cdtqcU fSyEqC\">\n<div class=\"sc-kQEIXH ssfuP\"><a href=\"https:\/\/sportnet.sme.sk\/futbalnet\/z\/obfz-trnava\/zapas\/624587\/\">11.06 17:30<\/a><\/div>\n<div class=\"sc-ffoxvC ehqNNE\">\n<div class=\"sc-kehEZA fAHIfj\">TJ Iskra &#8211; Horn\u00e9 Ore\u0161any<\/div>\n<div class=\"sc-xNQK iaYQDm\"><\/div>\n<\/div>\n<div class=\"sc-eSZskS dFKRqD\">\n<div>\n<div class=\"sc-fZOVwu fiaPoU\"><img class=\"sc-gKseQn kdPglK\" src=\"https:\/\/api.sportnet.online\/data\/ppo\/tj-iskra-horne-oresany.futbalnet.sk\/logo\" alt=\"TJ Iskra - Horn\u00e9 Ore\u0161any\" \/><\/div>\n<\/div>\n<div>\n<div>0 &#8211; 5<\/div>\n<\/div>\n<div>\n<div class=\"sc-fZOVwu fiaPoU\"><img class=\"sc-gKseQn kdPglK\" src=\"https:\/\/api.sportnet.online\/data\/ppo\/tj-slovan-cervenik.futbalnet.sk\/logo\" alt=\"TJ Slovan \u010cerven\u00edk\" \/><\/div>\n<\/div>\n<\/div>\n<div class=\"sc-ffoxvC fWpfcy\">\n<div class=\"sc-xNQK igcDZU\"><\/div>\n<div class=\"sc-kehEZA fAHIfj\">TJ Slovan \u010cerven\u00edk<\/div>\n<\/div>\n<\/div>\n<\/div>\n<\/div>\n<\/div>\n<p>[\/vc_column_text][vc_column_text]<\/p>\n<h3>Postup TJ Iskra<\/h3>\n<p>[\/vc_column_text][vc_column_text]<\/p>\n<div class=\"sc-iMZGhZ hqhMgm\">\n<div class=\"sc-kNMMVl gqvsSM\">\n<div class=\"sc-iyjcfA jgEdTT\">BESTRENT CUP ObFZ Trnava &#8211; Semifin\u00e1le<\/div>\n<\/div>\n<div class=\"sc-ePYzpu jQnjtq\">\n<div class=\"sc-fePdrT jBuWg\">\n<div class=\"sc-gwxJII htKmYu\">\n<div class=\"sc-cdtqcU fSyEqC\">\n<div class=\"sc-kQEIXH ssfuP\"><a href=\"https:\/\/sportnet.sme.sk\/futbalnet\/z\/obfz-trnava\/zapas\/622284\/\">27.04 17:30<\/a><\/div>\n<div class=\"sc-ffoxvC ehqNNE\">\n<div class=\"sc-kehEZA fAHIfj\">\u0160K C\u00edfer 1929<\/div>\n<div class=\"sc-xNQK iaYQDm\"><\/div>\n<\/div>\n<div class=\"sc-eSZskS dFKRqD\">\n<div>\n<div class=\"sc-fZOVwu fiaPoU\"><img class=\"sc-gKseQn kdPglK\" src=\"https:\/\/api.sportnet.online\/data\/ppo\/sk-cifer-1929.futbalnet.sk\/logo\" alt=\"\u0160K C\u00edfer 1929\" \/><\/div>\n<\/div>\n<div>\n<div>po pen.<\/div>\n<div><span class=\"sc-fpIgxg eCNDgK\">1<\/span>\u00a0&#8211;\u00a0<span class=\"sc-fpIgxg eCNDgK\">1<\/span><\/div>\n<\/div>\n<div>\n<div class=\"sc-fZOVwu fiaPoU\"><img class=\"sc-gKseQn kdPglK\" src=\"https:\/\/api.sportnet.online\/data\/ppo\/tj-iskra-horne-oresany.futbalnet.sk\/logo\" alt=\"TJ Iskra - Horn\u00e9 Ore\u0161any\" \/><\/div>\n<\/div>\n<\/div>\n<div class=\"sc-ffoxvC fWpfcy\">\n<div class=\"sc-xNQK igcDZU\"><\/div>\n<div class=\"sc-kehEZA fAHIfj\"><strong>TJ Iskra &#8211; Horn\u00e9 Ore\u0161any<\/strong><\/div>\n<\/div>\n<\/div>\n<\/div>\n<\/div>\n<\/div>\n<\/div>\n<div class=\"sc-iMZGhZ hqhMgm\">\n<div class=\"sc-kNMMVl gqvsSM\">\n<div class=\"sc-iyjcfA jgEdTT\">BESTRENT CUP ObFZ Trnava &#8211; \u0161tvr\u0165fin\u00e1le<\/div>\n<\/div>\n<div class=\"sc-ePYzpu jQnjtq\">\n<div class=\"sc-fePdrT jBuWg\">\n<div class=\"sc-gwxJII htKmYu\">\n<div class=\"sc-cdtqcU fSyEqC\">\n<div class=\"sc-kQEIXH ssfuP\"><a href=\"https:\/\/sportnet.sme.sk\/futbalnet\/z\/obfz-trnava\/zapas\/620176\/\">05.03 14:30<\/a><\/div>\n<div class=\"sc-ffoxvC ehqNNE\">\n<div class=\"sc-kehEZA fAHIfj\"><strong>TJ Iskra &#8211; Horn\u00e9 Ore\u0161any<\/strong><\/div>\n<div class=\"sc-xNQK iaYQDm\"><\/div>\n<\/div>\n<div class=\"sc-eSZskS dFKRqD\">\n<div>\n<div class=\"sc-fZOVwu fiaPoU\"><img class=\"sc-gKseQn kdPglK\" src=\"https:\/\/api.sportnet.online\/data\/ppo\/tj-iskra-horne-oresany.futbalnet.sk\/logo\" alt=\"TJ Iskra - Horn\u00e9 Ore\u0161any\" \/><\/div>\n<\/div>\n<div>\n<div>po pen.<\/div>\n<div><span class=\"sc-fpIgxg eCNDgK\">0<\/span>\u00a0&#8211;\u00a0<span class=\"sc-fpIgxg eCNDgK\">0<\/span><\/div>\n<\/div>\n<div>\n<div class=\"sc-fZOVwu fiaPoU\"><img class=\"sc-gKseQn kdPglK\" src=\"https:\/\/api.sportnet.online\/data\/ppo\/tj-druzstevnik-ruzindol.futbalnet.sk\/logo\" alt=\"O\u0160K Ru\u017eindol\" \/><\/div>\n<\/div>\n<\/div>\n<div class=\"sc-ffoxvC fWpfcy\">\n<div class=\"sc-xNQK igcDZU\"><\/div>\n<div class=\"sc-kehEZA fAHIfj\">O\u0160K Ru\u017eindol<\/div>\n<\/div>\n<\/div>\n<\/div>\n<\/div>\n<\/div>\n<\/div>\n<div class=\"sc-iMZGhZ hqhMgm\">\n<div class=\"sc-kNMMVl gqvsSM\">\n<div class=\"sc-iyjcfA jgEdTT\">BESTRENT CUP ObFZ Trnava &#8211; 3. kolo<\/div>\n<\/div>\n<div class=\"sc-ePYzpu jQnjtq\">\n<div class=\"sc-fePdrT jBuWg\">\n<div class=\"sc-gwxJII htKmYu\">\n<div class=\"sc-cdtqcU fSyEqC\">\n<div class=\"sc-kQEIXH ssfuP\"><a href=\"https:\/\/sportnet.sme.sk\/futbalnet\/z\/obfz-trnava\/zapas\/619679\/\">13.11.2021 13:30<\/a><\/div>\n<div class=\"sc-ffoxvC ehqNMX\">\n<div class=\"sc-kehEZA fAHIfj\"><strong>TJ Iskra &#8211; Horn\u00e9 Ore\u0161any<\/strong><\/div>\n<div class=\"sc-xNQK iaYQDm\"><\/div>\n<\/div>\n<div class=\"sc-eSZskS dFKRqD\">\n<div>\n<div class=\"sc-fZOVwu fiaPoU\"><img class=\"sc-gKseQn kdPglK\" src=\"https:\/\/api.sportnet.online\/data\/ppo\/tj-iskra-horne-oresany.futbalnet.sk\/logo\" alt=\"TJ Iskra - Horn\u00e9 Ore\u0161any\" \/><\/div>\n<\/div>\n<div>\n<div><span class=\"sc-fpIgxg eCNDgN\">2<\/span>\u00a0&#8211;\u00a0<span class=\"sc-fpIgxg eCNDgK\">1<\/span><\/div>\n<\/div>\n<div>\n<div class=\"sc-fZOVwu fiaPoU\"><img class=\"sc-gKseQn kdPglK\" src=\"https:\/\/api.sportnet.online\/data\/ppo\/sk-slavia-zelenec.futbalnet.sk\/logo\" alt=\"\u0160K Sl\u00e1via Zelene\u010d\" \/><\/div>\n<\/div>\n<\/div>\n<div class=\"sc-ffoxvC fWpfcy\">\n<div class=\"sc-xNQK igcDZU\"><\/div>\n<div class=\"sc-kehEZA fAHIfj\">\u0160K Sl\u00e1via Zelene\u010d<\/div>\n<\/div>\n<\/div>\n<\/div>\n<\/div>\n<\/div>\n<\/div>\n<div class=\"sc-iMZGhZ hqhMgm\">\n<div class=\"sc-kNMMVl gqvsSM\">\n<div class=\"sc-iyjcfA jgEdTT\">BESTRENT CUP ObFZ Trnava &#8211; 2.Kolo<\/div>\n<\/div>\n<div class=\"sc-ePYzpu jQnjtq\">\n<div class=\"sc-fePdrT jBuWg\">\n<div class=\"sc-gwxJII htKmYu\">\n<div class=\"sc-cdtqcU fSyEqC\">\n<div class=\"sc-kQEIXH ssfuP\"><a href=\"https:\/\/sportnet.sme.sk\/futbalnet\/z\/obfz-trnava\/zapas\/586311\/\">24.07.2021 17:30<\/a><\/div>\n<div class=\"sc-ffoxvC ehqNNE\">\n<div class=\"sc-kehEZA fAHIfj\">TJ Elastik Bohdanovce<\/div>\n<div class=\"sc-xNQK iaYQDm\"><\/div>\n<\/div>\n<div class=\"sc-eSZskS dFKRqD\">\n<div>\n<div class=\"sc-fZOVwu fiaPoU\"><img class=\"sc-gKseQn kdPglK\" src=\"https:\/\/api.sportnet.online\/data\/ppo\/tj-elastik-bohdanovce.futbalnet.sk\/logo\" alt=\"TJ Elastik Bohdanovce\" \/><\/div>\n<\/div>\n<div>\n<div><span class=\"sc-fpIgxg eCNDgK\">3<\/span>\u00a0&#8211;\u00a0<span class=\"sc-fpIgxg eCNDgN\">4<\/span><\/div>\n<\/div>\n<div>\n<div class=\"sc-fZOVwu fiaPoU\"><img class=\"sc-gKseQn kdPglK\" src=\"https:\/\/api.sportnet.online\/data\/ppo\/tj-iskra-horne-oresany.futbalnet.sk\/logo\" alt=\"TJ Iskra - Horn\u00e9 Ore\u0161any\" \/><\/div>\n<\/div>\n<\/div>\n<div class=\"sc-ffoxvC cnUIVh\">\n<div class=\"sc-xNQK igcDZU\"><\/div>\n<div class=\"sc-kehEZA fAHIfj\"><strong>TJ Iskra &#8211; Horn\u00e9 Ore\u0161any<\/strong><\/div>\n<\/div>\n<\/div>\n<\/div>\n<\/div>\n<\/div>\n<\/div>\n<p>[\/vc_column_text][vc_column_text]<a href=\"https:\/\/sportnet.sme.sk\/futbalnet\/k\/tj-iskra-horne-oresany\/tim\/46173\/?partId=&amp;sutaz=60b4b5d26eb517a54b4ed8a4\">https:\/\/sportnet.sme.sk\/futbalnet\/k\/tj-iskra-horne-oresany\/tim\/46173\/<\/a>[\/vc_column_text][\/vc_column][vc_column width=&#8221;1\/3&#8243;][vc_single_image image=&#8221;451&#8243; img_size=&#8221;large&#8221; onclick=&#8221;custom_link&#8221; img_link_target=&#8221;_blank&#8221; link=&#8221;https:\/\/trnavaobfz.sk\/bestrent-cup-obfz-trnava\/&#8221;][vc_column_text]<strong>\u010c\u00edtajte aj:<\/strong><\/p>\n<ul>\n<li><a href=\"https:\/\/www.trnavskyhlas.sk\/c\/32763-vo-finale-bestrent-cup-u-si-zahraju-horne-oresany-a-cervenik\/\">Vo fin\u00e1le Bestrent Cup-u si zahraj\u00fa Horn\u00e9 Ore\u0161any a \u010cerven\u00edk<\/a><\/li>\n<li><a href=\"https:\/\/www.trnavskyhlas.sk\/c\/32758-bestrent-cup-v-semifinale-sa-ocakava-suboj-strelcov-hra-sa-o-zapas-v-trnave\/\">Bestrent Cup: V\u00a0semifin\u00e1le sa o\u010dak\u00e1va s\u00faboj strelcov, hr\u00e1 sa o\u00a0z\u00e1pas v\u00a0Trnave<\/a><\/li>\n<\/ul>\n<p>[\/vc_column_text][\/vc_column][\/vc_row]<\/p>\n","protected":false},"excerpt":{"rendered":"<p>[vc_row][vc_column width=&#8221;2\/3&#8243;][vc_column_text] BESTRENT CUP OBFZ TRNAVA [\/vc_column_text][vc_column_text] Fin\u00e1le: BESTRENT CUP ObFZ Trnava &#8211; Fin\u00e1le 11.06 17:30 TJ Iskra &#8211; Horn\u00e9 Ore\u0161any 0 &#8211; 5 TJ Slovan \u010cerven\u00edk [\/vc_column_text][vc_column_text] Postup TJ Iskra [\/vc_column_text][vc_column_text] BESTRENT CUP ObFZ Trnava &#8211; Semifin\u00e1le 27.04 17:30 \u0160K C\u00edfer 1929 po pen. 1\u00a0&#8211;\u00a01 TJ Iskra &#8211; Horn\u00e9 Ore\u0161any BESTRENT CUP ObFZ Trnava [&hellip;]<\/p>\n","protected":false},"author":1,"featured_media":0,"parent":0,"menu_order":0,"comment_status":"closed","ping_status":"open","template":"","meta":[],"_links":{"self":[{"href":"https:\/\/www.horneoresany.sk\/tjiskra\/wp-json\/wp\/v2\/pages\/444"}],"collection":[{"href":"https:\/\/www.horneoresany.sk\/tjiskra\/wp-json\/wp\/v2\/pages"}],"about":[{"href":"https:\/\/www.horneoresany.sk\/tjiskra\/wp-json\/wp\/v2\/types\/page"}],"author":[{"embeddable":true,"href":"https:\/\/www.horneoresany.sk\/tjiskra\/wp-json\/wp\/v2\/users\/1"}],"replies":[{"embeddable":true,"href":"https:\/\/www.horneoresany.sk\/tjiskra\/wp-json\/wp\/v2\/comments?post=444"}],"version-history":[{"count":8,"href":"https:\/\/www.horneoresany.sk\/tjiskra\/wp-json\/wp\/v2\/pages\/444\/revisions"}],"predecessor-version":[{"id":539,"href":"https:\/\/www.horneoresany.sk\/tjiskra\/wp-json\/wp\/v2\/pages\/444\/revisions\/539"}],"wp:attachment":[{"href":"https:\/\/www.horneoresany.sk\/tjiskra\/wp-json\/wp\/v2\/media?parent=444"}],"curies":[{"name":"wp","href":"https:\/\/api.w.org\/{rel}","templated":true}]}}